{"id":1947,"date":"2022-09-14T21:53:23","date_gmt":"2022-09-14T21:53:23","guid":{"rendered":"https:\/\/timariacongelados.com\/?page_id=20"},"modified":"2024-03-08T11:45:38","modified_gmt":"2024-03-08T11:45:38","slug":"home","status":"publish","type":"page","link":"https:\/\/tiamariaprecozinhados.com\/en\/","title":{"rendered":"Home"},"content":{"rendered":"<p>[et_pb_section fb_built=&#8221;1&#8243; custom_padding_last_edited=&#8221;on|phone&#8221; next_background_color=&#8221;#ffffff&#8221; _builder_version=&#8221;4.24.2&#8243; _module_preset=&#8221;default&#8221; background_image=&#8221;https:\/\/tiamariaprecozinhados.com\/wp-content\/uploads\/2023\/03\/What-should-all-women-wear-to-feel-empowered&#8230;-Banner-Landscape-Website-1.png&#8221; width=&#8221;100%&#8221; max_width=&#8221;100%&#8221; module_alignment=&#8221;center&#8221; min_height=&#8221;1000px&#8221; height=&#8221;1000px&#8221; max_height=&#8221;1000px&#8221; custom_margin_tablet=&#8221;&#8221; custom_margin_phone=&#8221;||-400px||false|false&#8221; custom_margin_last_edited=&#8221;on|phone&#8221; custom_padding=&#8221;204px||185px||false|&#8221; custom_padding_tablet=&#8221;204px||185px||false|&#8221; custom_padding_phone=&#8221;150px||||false|false&#8221; bottom_divider_style=&#8221;ramp&#8221; global_colors_info=&#8221;{}&#8221;][et_pb_row _builder_version=&#8221;4.18.0&#8243; _module_preset=&#8221;default&#8221; custom_margin=&#8221;-160px|auto||auto||&#8221; global_colors_info=&#8221;{}&#8221;][et_pb_column type=&#8221;4_4&#8243; _builder_version=&#8221;4.18.0&#8243; _module_preset=&#8221;default&#8221; global_colors_info=&#8221;{}&#8221;][et_pb_image src=&#8221;https:\/\/tiamariaprecozinhados.com\/wp-content\/uploads\/2023\/03\/Logotipo-Tia-Maria-01.png&#8221; title_text=&#8221;Logotipo-Tia-Maria-01&#8243; align=&#8221;right&#8221; _builder_version=&#8221;4.24.2&#8243; _module_preset=&#8221;default&#8221; width=&#8221;40%&#8221; global_colors_info=&#8221;{}&#8221;][\/et_pb_image][et_pb_text _builder_version=&#8221;4.18.0&#8243; _module_preset=&#8221;default&#8221; header_font=&#8221;Crimson Pro||||||||&#8221; header_font_size=&#8221;37px&#8221; header_line_height=&#8221;1.3em&#8221; custom_margin=&#8221;-40px||18px|||&#8221; custom_padding=&#8221;23px|||||&#8221; global_colors_info=&#8221;{}&#8221;]<\/p>\n<h1 style=\"text-align: right;\">Os melhores <strong>sabores<\/strong>.<br \/>A mesma <strong>tradi\u00e7\u00e3o<\/strong>.<\/h1>\n<p>[\/et_pb_text][et_pb_button button_url=&#8221;https:\/\/tiamariaprecozinhados.com\/pre-cozinhados\/&#8221; button_text=&#8221;Ver Produtos&#8221; button_alignment=&#8221;right&#8221; _builder_version=&#8221;4.21.0&#8243; _module_preset=&#8221;default&#8221; custom_button=&#8221;on&#8221; button_text_size=&#8221;16px&#8221; button_text_color=&#8221;#FFFFFF&#8221; button_bg_color=&#8221;#333333&#8243; button_border_width=&#8221;6px&#8221; button_border_color=&#8221;#333333&#8243; button_border_radius=&#8221;42px&#8221; button_letter_spacing=&#8221;1px&#8221; button_font=&#8221;|600|||||||&#8221; global_colors_info=&#8221;{}&#8221;][\/et_pb_button][\/et_pb_column][\/et_pb_row][\/et_pb_section][et_pb_section fb_built=&#8221;1&#8243; _builder_version=&#8221;4.18.0&#8243; _module_preset=&#8221;default&#8221; background_enable_color=&#8221;off&#8221; custom_padding=&#8221;40px||12px|||&#8221; locked=&#8221;off&#8221; global_colors_info=&#8221;{}&#8221;][et_pb_row column_structure=&#8221;1_5,3_5,1_5&#8243; _builder_version=&#8221;4.18.0&#8243; _module_preset=&#8221;default&#8221; width=&#8221;100%&#8221; max_width=&#8221;1592px&#8221; custom_margin=&#8221;-10px|auto|8px|auto||&#8221; global_colors_info=&#8221;{}&#8221;][et_pb_column type=&#8221;1_5&#8243; _builder_version=&#8221;4.18.0&#8243; _module_preset=&#8221;default&#8221; global_colors_info=&#8221;{}&#8221;][\/et_pb_column][et_pb_column type=&#8221;3_5&#8243; _builder_version=&#8221;4.18.0&#8243; _module_preset=&#8221;default&#8221; global_colors_info=&#8221;{}&#8221;][et_pb_text _builder_version=&#8221;4.18.0&#8243; _module_preset=&#8221;default&#8221; header_2_text_color=&#8221;#333333&#8243; header_2_font_size=&#8221;32px&#8221; custom_margin=&#8221;||-3px|||&#8221; global_colors_info=&#8221;{}&#8221;]<\/p>\n<h2 style=\"text-align: center;\">Quem somos<\/h2>\n<p>[\/et_pb_text][et_pb_icon font_icon=&#8221;&#x33;||divi||400&#8243; icon_color=&#8221;#E75526&#8243; icon_width=&#8221;42px&#8221; _builder_version=&#8221;4.18.0&#8243; _module_preset=&#8221;default&#8221; global_colors_info=&#8221;{}&#8221;][\/et_pb_icon][et_pb_text _builder_version=&#8221;4.18.0&#8243; _module_preset=&#8221;default&#8221; text_font_size=&#8221;16px&#8221; text_line_height=&#8221;1.9em&#8221; custom_margin=&#8221;||46px|||&#8221; global_colors_info=&#8221;{}&#8221;]<\/p>\n<p style=\"text-align: center;\">A J\u00falio Dinis &amp; Filho, Lda \u00e9 uma empresa dedicada \u00e0 produ\u00e7\u00e3o de produtos pr\u00e9-cozinhados. O nosso sucesso baseia-se no sabor e na consist\u00eancia dos nossos produtos, fruto de mais de 30 anos de experi\u00eancia no ramo e do investimento feito nas nossas instala\u00e7\u00f5es produtivas.<\/p>\n<p style=\"text-align: center;\">Estamos satisfeitos por conseguirmos produzir em larga escala mantendo o sabor tradicional, o que se tornou uma vantagem competitiva da nossa empresa.<\/p>\n<p style=\"text-align: center;\">Sentimo-nos orgulhosos por termos vencido este desafio e por continuarmos a merecer a confian\u00e7a e a prefer\u00eancia dos consumidores.<\/p>\n<p>[\/et_pb_text][et_pb_button button_url=&#8221;https:\/\/timariacongelados.com\/quem-somos\/&#8221; button_text=&#8221;Ver Mais&#8221; button_alignment=&#8221;center&#8221; _builder_version=&#8221;4.18.0&#8243; _module_preset=&#8221;default&#8221; custom_button=&#8221;on&#8221; button_text_size=&#8221;16px&#8221; button_text_color=&#8221;#333333&#8243; button_bg_color=&#8221;#FFFFFF&#8221; button_border_width=&#8221;1px&#8221; button_border_color=&#8221;#333333&#8243; button_border_radius=&#8221;42px&#8221; button_letter_spacing=&#8221;1px&#8221; global_colors_info=&#8221;{}&#8221;][\/et_pb_button][\/et_pb_column][et_pb_column type=&#8221;1_5&#8243; _builder_version=&#8221;4.18.0&#8243; _module_preset=&#8221;default&#8221; global_colors_info=&#8221;{}&#8221;][\/et_pb_column][\/et_pb_row][\/et_pb_section][et_pb_section fb_built=&#8221;1&#8243; prev_background_color=&#8221;#ffffff&#8221; next_background_color=&#8221;#ffffff&#8221; _builder_version=&#8221;4.24.2&#8243; _module_preset=&#8221;default&#8221; use_background_color_gradient=&#8221;on&#8221; background_color_gradient_stops=&#8221;rgba(0,0,0,0.23) 0%|rgba(0,0,0,0) 93%|rgba(0, 0, 0, 0.6) 100%&#8221; background_image=&#8221;https:\/\/tiamariaprecozinhados.com\/wp-content\/uploads\/2023\/03\/vista-aproximada-de-rissois-caseiros_126732-1072.jpg&#8221; background_blend=&#8221;overlay&#8221; custom_margin=&#8221;4px|||||&#8221; custom_padding=&#8221;145px||146px|||&#8221; top_divider_style=&#8221;curve&#8221; top_divider_height=&#8221;53px&#8221; bottom_divider_style=&#8221;curve&#8221; bottom_divider_height=&#8221;25px&#8221; bottom_divider_repeat=&#8221;1x&#8221; global_colors_info=&#8221;{}&#8221;][et_pb_row _builder_version=&#8221;4.18.0&#8243; _module_preset=&#8221;default&#8221; custom_margin=&#8221;58px|auto||auto||&#8221; custom_padding=&#8221;21px|||||&#8221; global_colors_info=&#8221;{}&#8221;][et_pb_column type=&#8221;4_4&#8243; _builder_version=&#8221;4.18.0&#8243; _module_preset=&#8221;default&#8221; global_colors_info=&#8221;{}&#8221;][et_pb_text _builder_version=&#8221;4.18.0&#8243; _module_preset=&#8221;default&#8221; header_2_text_color=&#8221;#FFFFFF&#8221; header_2_font_size=&#8221;34px&#8221; global_colors_info=&#8221;{}&#8221;]<\/p>\n<h2 style=\"text-align: center;\">Os melhores <strong>sabores tradicionais<\/strong> na sua mesa.<\/h2>\n<p>[\/et_pb_text][et_pb_button button_url=&#8221;https:\/\/tiamariaprecozinhados.com\/contactos\/&#8221; button_text=&#8221;Encomendar j\u00e1&#8221; button_alignment=&#8221;center&#8221; _builder_version=&#8221;4.21.0&#8243; _module_preset=&#8221;default&#8221; custom_button=&#8221;on&#8221; button_text_size=&#8221;18px&#8221; button_text_color=&#8221;#333333&#8243; button_bg_color=&#8221;#FFFFFF&#8221; button_border_width=&#8221;1px&#8221; button_border_color=&#8221;#FFFFFF&#8221; button_border_radius=&#8221;84px&#8221; button_letter_spacing=&#8221;1px&#8221; global_colors_info=&#8221;{}&#8221;][\/et_pb_button][\/et_pb_column][\/et_pb_row][\/et_pb_section][et_pb_section fb_built=&#8221;1&#8243; _builder_version=&#8221;4.18.0&#8243; _module_preset=&#8221;default&#8221; custom_padding=&#8221;||74px|||&#8221; global_colors_info=&#8221;{}&#8221;][et_pb_row _builder_version=&#8221;4.18.0&#8243; _module_preset=&#8221;default&#8221; custom_margin=&#8221;-10px|auto||auto||&#8221; global_colors_info=&#8221;{}&#8221;][et_pb_column type=&#8221;4_4&#8243; _builder_version=&#8221;4.18.0&#8243; _module_preset=&#8221;default&#8221; global_colors_info=&#8221;{}&#8221;][et_pb_text _builder_version=&#8221;4.18.0&#8243; _module_preset=&#8221;default&#8221; header_2_text_color=&#8221;#333333&#8243; header_2_font_size=&#8221;32px&#8221; custom_margin=&#8221;||-3px|||&#8221; global_colors_info=&#8221;{}&#8221;]<\/p>\n<h2 style=\"text-align: center;\">Os nossos Produtos<\/h2>\n<p>[\/et_pb_text][et_pb_icon font_icon=&#8221;&#x33;||divi||400&#8243; icon_color=&#8221;#E75526&#8243; icon_width=&#8221;42px&#8221; _builder_version=&#8221;4.18.0&#8243; _module_preset=&#8221;default&#8221; global_colors_info=&#8221;{}&#8221;][\/et_pb_icon][\/et_pb_column][\/et_pb_row][et_pb_row column_structure=&#8221;1_3,1_3,1_3&#8243; _builder_version=&#8221;4.18.0&#8243; _module_preset=&#8221;default&#8221; width=&#8221;100%&#8221; custom_margin=&#8221;|auto|19px|auto||&#8221; locked=&#8221;off&#8221; global_colors_info=&#8221;{}&#8221;][et_pb_column type=&#8221;1_3&#8243; _builder_version=&#8221;4.18.0&#8243; _module_preset=&#8221;default&#8221; background_enable_color=&#8221;off&#8221; global_colors_info=&#8221;{}&#8221;][et_pb_image src=&#8221;https:\/\/tiamariaprecozinhados.com\/wp-content\/uploads\/2023\/03\/AlmofadasSalsicha-1024-400&#215;284-1-1.jpeg&#8221; title_text=&#8221;AlmofadasSalsicha-1024-400&#215;284-1-1.jpeg&#8221; url=&#8221;https:\/\/timariacongelados.com\/pre-cozinhados\/&#8221; _builder_version=&#8221;4.24.2&#8243; _module_preset=&#8221;default&#8221; custom_margin=&#8221;||24px|||&#8221; border_color_all=&#8221;#FFF9C5&#8243; global_colors_info=&#8221;{}&#8221;][\/et_pb_image][et_pb_button button_url=&#8221;https:\/\/timariacongelados.com\/pre-cozinhados\/&#8221; button_text=&#8221;Pr\u00e9-cozinhados&#8221; button_alignment=&#8221;center&#8221; _builder_version=&#8221;4.19.1&#8243; _module_preset=&#8221;default&#8221; custom_button=&#8221;on&#8221; button_text_size=&#8221;21px&#8221; button_text_color=&#8221;#000000&#8243; button_bg_color=&#8221;RGBA(255,255,255,0)&#8221; button_border_width=&#8221;1px&#8221; button_border_color=&#8221;RGBA(255,255,255,0)&#8221; button_border_radius=&#8221;84px&#8221; button_letter_spacing=&#8221;1px&#8221; button_font=&#8221;Crimson Pro||||||||&#8221; custom_margin=&#8221;||||false|false&#8221; custom_padding=&#8221;|80px||80px|false|false&#8221; box_shadow_style=&#8221;preset3&#8243; locked=&#8221;off&#8221; global_colors_info=&#8221;{}&#8221;][\/et_pb_button][\/et_pb_column][et_pb_column type=&#8221;1_3&#8243; _builder_version=&#8221;4.18.0&#8243; _module_preset=&#8221;default&#8221; global_colors_info=&#8221;{}&#8221;][et_pb_image src=&#8221;https:\/\/tiamariaprecozinhados.com\/wp-content\/uploads\/2023\/03\/almondegas-10241-400&#215;284-1-1.jpeg&#8221; title_text=&#8221;almondegas-10241-400&#215;284-1-1.jpeg&#8221; url=&#8221;https:\/\/timariacongelados.com\/preparados-de-carne\/&#8221; _builder_version=&#8221;4.24.2&#8243; _module_preset=&#8221;default&#8221; custom_margin=&#8221;||21px|||&#8221; border_color_all=&#8221;#FFF9C5&#8243; global_colors_info=&#8221;{}&#8221;][\/et_pb_image][et_pb_button button_url=&#8221;https:\/\/timariacongelados.com\/preparados-de-carne\/&#8221; button_text=&#8221;Preparados de Carne&#8221; button_alignment=&#8221;center&#8221; _builder_version=&#8221;4.19.1&#8243; _module_preset=&#8221;default&#8221; custom_button=&#8221;on&#8221; button_text_size=&#8221;21px&#8221; button_text_color=&#8221;#000000&#8243; button_bg_color=&#8221;#FFFFFF&#8221; button_border_width=&#8221;1px&#8221; button_border_color=&#8221;RGBA(255,255,255,0)&#8221; button_border_radius=&#8221;84px&#8221; button_letter_spacing=&#8221;1px&#8221; button_font=&#8221;Crimson Pro||||||||&#8221; custom_margin=&#8221;||||false|false&#8221; custom_padding=&#8221;|60px||60px|false|true&#8221; box_shadow_style=&#8221;preset3&#8243; locked=&#8221;off&#8221; global_colors_info=&#8221;{}&#8221;][\/et_pb_button][\/et_pb_column][et_pb_column type=&#8221;1_3&#8243; _builder_version=&#8221;4.18.0&#8243; _module_preset=&#8221;default&#8221; global_colors_info=&#8221;{}&#8221;][et_pb_image src=&#8221;https:\/\/tiamariaprecozinhados.com\/wp-content\/uploads\/2023\/03\/folhado-chocolate-400&#215;284-1-1.png&#8221; title_text=&#8221;folhado-chocolate-400&#215;284-1-1.png&#8221; url=&#8221;https:\/\/timariacongelados.com\/folhados\/&#8221; _builder_version=&#8221;4.24.2&#8243; _module_preset=&#8221;default&#8221; custom_margin=&#8221;||21px|||&#8221; border_color_all=&#8221;#FFF9C5&#8243; global_colors_info=&#8221;{}&#8221;][\/et_pb_image][et_pb_button button_url=&#8221;https:\/\/timariacongelados.com\/folhados\/&#8221; button_text=&#8221;Folhados&#8221; button_alignment=&#8221;center&#8221; _builder_version=&#8221;4.19.1&#8243; _module_preset=&#8221;default&#8221; custom_button=&#8221;on&#8221; button_text_size=&#8221;21px&#8221; button_text_color=&#8221;#000000&#8243; button_bg_color=&#8221;#FFFFFF&#8221; button_border_width=&#8221;1px&#8221; button_border_color=&#8221;RGBA(255,255,255,0)&#8221; button_border_radius=&#8221;84px&#8221; button_letter_spacing=&#8221;1px&#8221; button_font=&#8221;Crimson Pro||||||||&#8221; custom_margin=&#8221;||||false|false&#8221; custom_padding=&#8221;|110px||110px|false|true&#8221; box_shadow_style=&#8221;preset3&#8243; locked=&#8221;off&#8221; global_colors_info=&#8221;{}&#8221;][\/et_pb_button][\/et_pb_column][\/et_pb_row][\/et_pb_section][et_pb_section fb_built=&#8221;1&#8243; _builder_version=&#8221;4.18.0&#8243; _module_preset=&#8221;default&#8221; background_enable_color=&#8221;off&#8221; custom_padding=&#8221;40px||12px|||&#8221; global_colors_info=&#8221;{}&#8221;][et_pb_row _builder_version=&#8221;4.18.0&#8243; _module_preset=&#8221;default&#8221; custom_margin=&#8221;1px|auto||auto||&#8221; global_colors_info=&#8221;{}&#8221;][et_pb_column type=&#8221;4_4&#8243; _builder_version=&#8221;4.18.0&#8243; _module_preset=&#8221;default&#8221; global_colors_info=&#8221;{}&#8221;][et_pb_text _builder_version=&#8221;4.18.0&#8243; _module_preset=&#8221;default&#8221; header_2_text_color=&#8221;#333333&#8243; header_2_font_size=&#8221;32px&#8221; custom_margin=&#8221;||-3px|||&#8221; global_colors_info=&#8221;{}&#8221;]<\/p>\n<h2 style=\"text-align: center;\">Como fazer a sua Encomenda<\/h2>\n<p>[\/et_pb_text][et_pb_icon font_icon=&#8221;&#x33;||divi||400&#8243; icon_color=&#8221;#E75526&#8243; icon_width=&#8221;42px&#8221; _builder_version=&#8221;4.18.0&#8243; _module_preset=&#8221;default&#8221; global_colors_info=&#8221;{}&#8221;][\/et_pb_icon][\/et_pb_column][\/et_pb_row][et_pb_row column_structure=&#8221;1_3,1_3,1_3&#8243; _builder_version=&#8221;4.18.0&#8243; _module_preset=&#8221;default&#8221; width=&#8221;100%&#8221; custom_margin=&#8221;-3px|auto||auto||&#8221; global_colors_info=&#8221;{}&#8221;][et_pb_column type=&#8221;1_3&#8243; _builder_version=&#8221;4.18.0&#8243; _module_preset=&#8221;default&#8221; global_colors_info=&#8221;{}&#8221;][et_pb_blurb title=&#8221;Fa\u00e7a a sua encomenda Online&#8221; use_icon=&#8221;on&#8221; font_icon=&#8221;&#x4e;||divi||400&#8243; icon_color=&#8221;#006AB6&#8243; image_icon_width=&#8221;74px&#8221; _builder_version=&#8221;4.19.1&#8243; _module_preset=&#8221;default&#8221; header_text_align=&#8221;center&#8221; header_font_size=&#8221;21px&#8221; text_orientation=&#8221;center&#8221; animation=&#8221;off&#8221; global_colors_info=&#8221;{}&#8221;]<\/p>\n<p>Reservado a utilizadores registados.<\/p>\n<p>[\/et_pb_blurb][\/et_pb_column][et_pb_column type=&#8221;1_3&#8243; _builder_version=&#8221;4.18.0&#8243; _module_preset=&#8221;default&#8221; global_colors_info=&#8221;{}&#8221;][et_pb_blurb title=&#8221;Posto de Venda&#8221; use_icon=&#8221;on&#8221; font_icon=&#8221;&#xf2e7;||fa||900&#8243; icon_color=&#8221;#006AB6&#8243; image_icon_width=&#8221;74px&#8221; _builder_version=&#8221;4.19.1&#8243; _module_preset=&#8221;default&#8221; header_text_align=&#8221;center&#8221; header_font_size=&#8221;21px&#8221; text_orientation=&#8221;center&#8221; animation=&#8221;off&#8221; global_colors_info=&#8221;{}&#8221;]<\/p>\n<p>Visite as nossas instala\u00e7\u00f5es, onde poder\u00e1 adquirir os nossos produtos.<\/p>\n<p>[\/et_pb_blurb][\/et_pb_column][et_pb_column type=&#8221;1_3&#8243; _builder_version=&#8221;4.18.0&#8243; _module_preset=&#8221;default&#8221; global_colors_info=&#8221;{}&#8221;][et_pb_blurb title=&#8221;Contacto Telef\u00f3nico&#8221; use_icon=&#8221;on&#8221; font_icon=&#8221;&#xe00b;||divi||400&#8243; icon_color=&#8221;#006AB6&#8243; image_icon_width=&#8221;74px&#8221; _builder_version=&#8221;4.19.1&#8243; _module_preset=&#8221;default&#8221; header_text_align=&#8221;center&#8221; header_font_size=&#8221;21px&#8221; text_orientation=&#8221;center&#8221; animation=&#8221;off&#8221; global_colors_info=&#8221;{}&#8221;]<\/p>\n<p>Fa\u00e7a a sua encomenda atrav\u00e9s do nosso servi\u00e7o de atendimento telef\u00f3nico.<\/p>\n<p>[\/et_pb_blurb][\/et_pb_column][\/et_pb_row][et_pb_row _builder_version=&#8221;4.18.0&#8243; _module_preset=&#8221;default&#8221; custom_margin=&#8221;16px|auto|10px|auto||&#8221; custom_padding=&#8221;30px|||||&#8221; global_colors_info=&#8221;{}&#8221;][et_pb_column type=&#8221;4_4&#8243; _builder_version=&#8221;4.18.0&#8243; _module_preset=&#8221;default&#8221; global_colors_info=&#8221;{}&#8221;][et_pb_button button_url=&#8221;https:\/\/tiamariaprecozinhados.com\/contactos\/&#8221; button_text=&#8221;Encomendar j\u00e1!&#8221; button_alignment=&#8221;center&#8221; _builder_version=&#8221;4.21.0&#8243; _module_preset=&#8221;default&#8221; custom_button=&#8221;on&#8221; button_text_size=&#8221;16px&#8221; button_text_color=&#8221;#FFFFFF&#8221; button_bg_color=&#8221;#4f4f4f&#8221; button_border_width=&#8221;10px&#8221; button_border_color=&#8221;rgba(79,79,79,0.87)&#8221; button_border_radius=&#8221;42px&#8221; button_letter_spacing=&#8221;1px&#8221; custom_margin=&#8221;||27px|||&#8221; global_colors_info=&#8221;{}&#8221;][\/et_pb_button][\/et_pb_column][\/et_pb_row][\/et_pb_section]<\/p>\n","protected":false},"excerpt":{"rendered":"<p>Os melhores sabores.A mesma tradi\u00e7\u00e3o.Quem somosA J\u00falio Dinis &amp; Filho, Lda \u00e9 uma empresa dedicada \u00e0 produ\u00e7\u00e3o de produtos pr\u00e9-cozinhados. O nosso sucesso baseia-se no sabor e na consist\u00eancia dos nossos produtos, fruto de mais de 30 anos de experi\u00eancia no ramo e do investimento feito nas nossas instala\u00e7\u00f5es produtivas. Estamos satisfeitos por conseguirmos produzir [&hellip;]<\/p>\n","protected":false},"author":1,"featured_media":0,"parent":0,"menu_order":0,"comment_status":"closed","ping_status":"closed","template":"","meta":{"_et_pb_use_builder":"on","_et_pb_old_content":"","_et_gb_content_width":"","footnotes":""},"class_list":["post-1947","page","type-page","status-publish","hentry"],"_links":{"self":[{"href":"https:\/\/tiamariaprecozinhados.com\/en\/wp-json\/wp\/v2\/pages\/1947","targetHints":{"allow":["GET"]}}],"collection":[{"href":"https:\/\/tiamariaprecozinhados.com\/en\/wp-json\/wp\/v2\/pages"}],"about":[{"href":"https:\/\/tiamariaprecozinhados.com\/en\/wp-json\/wp\/v2\/types\/page"}],"author":[{"embeddable":true,"href":"https:\/\/tiamariaprecozinhados.com\/en\/wp-json\/wp\/v2\/users\/1"}],"replies":[{"embeddable":true,"href":"https:\/\/tiamariaprecozinhados.com\/en\/wp-json\/wp\/v2\/comments?post=1947"}],"version-history":[{"count":6,"href":"https:\/\/tiamariaprecozinhados.com\/en\/wp-json\/wp\/v2\/pages\/1947\/revisions"}],"predecessor-version":[{"id":2456,"href":"https:\/\/tiamariaprecozinhados.com\/en\/wp-json\/wp\/v2\/pages\/1947\/revisions\/2456"}],"wp:attachment":[{"href":"https:\/\/tiamariaprecozinhados.com\/en\/wp-json\/wp\/v2\/media?parent=1947"}],"curies":[{"name":"wp","href":"https:\/\/api.w.org\/{rel}","templated":true}]}}