{"id":1948,"date":"2022-09-14T21:53:39","date_gmt":"2022-09-14T21:53:39","guid":{"rendered":"https:\/\/timariacongelados.com\/?page_id=22"},"modified":"2024-03-08T11:25:16","modified_gmt":"2024-03-08T11:25:16","slug":"quem-somos","status":"publish","type":"page","link":"https:\/\/tiamariaprecozinhados.com\/en\/quem-somos\/","title":{"rendered":"Quem somos"},"content":{"rendered":"<p>[et_pb_section fb_built=&#8221;1&#8243; next_background_color=&#8221;#ffffff&#8221; _builder_version=&#8221;4.24.2&#8243; _module_preset=&#8221;default&#8221; background_color=&#8221;#FFFFFF&#8221; background_image=&#8221;https:\/\/tiamariaprecozinhados.com\/wp-content\/uploads\/2023\/03\/pan1color-scaled-1.jpg&#8221; width=&#8221;100%&#8221; max_width=&#8221;100%&#8221; module_alignment=&#8221;left&#8221; min_height=&#8221;579px&#8221; custom_margin=&#8221;0px|||0px|false|false&#8221; custom_padding=&#8221;132px||132px|256px|true|false&#8221; bottom_divider_style=&#8221;ramp&#8221; locked=&#8221;off&#8221; global_colors_info=&#8221;{}&#8221;][et_pb_row column_structure=&#8221;1_2,1_2&#8243; _builder_version=&#8221;4.18.0&#8243; _module_preset=&#8221;default&#8221; custom_margin=&#8221;-160px|auto||auto||&#8221; global_colors_info=&#8221;{}&#8221;][et_pb_column type=&#8221;1_2&#8243; _builder_version=&#8221;4.19.0&#8243; _module_preset=&#8221;default&#8221; global_colors_info=&#8221;{}&#8221;][et_pb_image src=&#8221;https:\/\/timariacongelados.com\/wp-content\/uploads\/2022\/09\/Logotipo-Tia-Maria-01.png&#8221; title_text=&#8221;Logotipo Tia Maria-01&#8243; align=&#8221;right&#8221; _builder_version=&#8221;4.18.0&#8243; _module_preset=&#8221;default&#8221; width=&#8221;43%&#8221; max_width=&#8221;100%&#8221; module_alignment=&#8221;right&#8221; custom_margin=&#8221;-56px||212px|0px|false|false&#8221; custom_padding=&#8221;0px|||205px|false|false&#8221; global_colors_info=&#8221;{}&#8221;][\/et_pb_image][\/et_pb_column][et_pb_column type=&#8221;1_2&#8243; _builder_version=&#8221;4.18.0&#8243; _module_preset=&#8221;default&#8221; global_colors_info=&#8221;{}&#8221;][\/et_pb_column][\/et_pb_row][\/et_pb_section][et_pb_section fb_built=&#8221;1&#8243; _builder_version=&#8221;4.18.0&#8243; _module_preset=&#8221;default&#8221; background_enable_color=&#8221;off&#8221; custom_padding=&#8221;40px||12px|||&#8221; locked=&#8221;off&#8221; global_colors_info=&#8221;{}&#8221;][et_pb_row _builder_version=&#8221;4.18.0&#8243; _module_preset=&#8221;default&#8221; custom_margin=&#8221;-10px|auto||auto||&#8221; global_colors_info=&#8221;{}&#8221;][et_pb_column type=&#8221;4_4&#8243; _builder_version=&#8221;4.18.0&#8243; _module_preset=&#8221;default&#8221; global_colors_info=&#8221;{}&#8221;][et_pb_text _builder_version=&#8221;4.18.0&#8243; _module_preset=&#8221;default&#8221; header_2_text_color=&#8221;#333333&#8243; header_2_font_size=&#8221;32px&#8221; custom_margin=&#8221;||-3px|||&#8221; global_colors_info=&#8221;{}&#8221;]<\/p>\n<h2 style=\"text-align: center;\">A nossa Hist\u00f3ria<\/h2>\n<p>[\/et_pb_text][et_pb_icon font_icon=&#8221;&#x33;||divi||400&#8243; icon_color=&#8221;#E75526&#8243; icon_width=&#8221;42px&#8221; _builder_version=&#8221;4.18.0&#8243; _module_preset=&#8221;default&#8221; custom_margin=&#8221;||-13px|||&#8221; global_colors_info=&#8221;{}&#8221;][\/et_pb_icon][\/et_pb_column][\/et_pb_row][et_pb_row _builder_version=&#8221;4.19.4&#8243; _module_preset=&#8221;default&#8221; width=&#8221;55%&#8221; global_colors_info=&#8221;{}&#8221;][et_pb_column type=&#8221;4_4&#8243; _builder_version=&#8221;4.19.4&#8243; _module_preset=&#8221;default&#8221; global_colors_info=&#8221;{}&#8221;][et_pb_text _builder_version=&#8221;4.19.4&#8243; _module_preset=&#8221;default&#8221; custom_margin=&#8221;|||0px|false|false&#8221; global_colors_info=&#8221;{}&#8221;]<\/p>\n<p style=\"text-align: center;\"><span style=\"font-size: medium;\">A <strong>J\u00falio Dinis &amp; Filho, Lda<\/strong>, \u00e9 uma empresa de cariz familiar fundada em 1989 para dar enquadramento ao desenvolvimento do neg\u00f3cio que o casal J\u00falio Dinis e Maria tinha iniciado dois anos antes e que estava a crescer de forma exponencial. <\/span><\/p>\n<p style=\"text-align: center;\"><span style=\"font-size: medium;\">As raz\u00f5es do sucesso assentaram no sabor e consist\u00eancia \u00fanicos dos <strong>pr\u00e9-cozinhados<\/strong> produzidos artesanalmente. A procura continuou a aumentar consideravelmente atrav\u00e9s da comunica\u00e7\u00e3o boca a boca, tornando os produtos &#8220;Tia Maria&#8221; uma refer\u00eancia na regi\u00e3o.<\/span><\/p>\n<p style=\"text-align: center;\"><span style=\"font-size: medium;\">O desafio passou por conseguir produzir industrialmente, conservando a qualidade e <strong>sabores tradicionais,<\/strong> que s\u00e3o a imagem de marca dos produtos e a sua maior vantagem competitiva. Com essa preocupa\u00e7\u00e3o sempre presente, &#8220;Tia Maria&#8221; disp\u00f5e hoje de <strong>modernas instala\u00e7\u00f5es<\/strong> e da mais avan\u00e7ada tecnologia de produ\u00e7\u00e3o, que permite manter todo o sabor e texturas da tradi\u00e7\u00e3o, com os mais elevados e irrepreens\u00edveis padr\u00f5es de qualidade e higiene. <\/span><\/p>\n<p style=\"text-align: center;\"><span style=\"font-size: medium;\">A j\u00falio Dinis &amp; Filho, Lda, sente grande orgulho em continuar a merecer a <strong>confian\u00e7a dos clientes<\/strong> e a <strong>prefer\u00eancia dos consumidores<\/strong>.<\/span><\/p>\n<p>[\/et_pb_text][\/et_pb_column][\/et_pb_row][\/et_pb_section][et_pb_section fb_built=&#8221;1&#8243; prev_background_color=&#8221;#ffffff&#8221; next_background_color=&#8221;#ffffff&#8221; _builder_version=&#8221;4.18.0&#8243; _module_preset=&#8221;default&#8221; background_color=&#8221;rgba(203,229,251,0.1)&#8221; min_height=&#8221;785.4px&#8221; top_divider_style=&#8221;curve&#8221; top_divider_height=&#8221;35px&#8221; bottom_divider_style=&#8221;curve&#8221; bottom_divider_height=&#8221;43px&#8221; locked=&#8221;off&#8221; global_colors_info=&#8221;{}&#8221;][et_pb_row _builder_version=&#8221;4.18.0&#8243; _module_preset=&#8221;default&#8221; custom_margin=&#8221;11px|auto||auto||&#8221; global_colors_info=&#8221;{}&#8221;][et_pb_column type=&#8221;4_4&#8243; _builder_version=&#8221;4.18.0&#8243; _module_preset=&#8221;default&#8221; global_colors_info=&#8221;{}&#8221;][et_pb_text _builder_version=&#8221;4.18.0&#8243; _module_preset=&#8221;default&#8221; header_2_text_color=&#8221;#333333&#8243; header_2_font_size=&#8221;32px&#8221; custom_margin=&#8221;||-3px|||&#8221; global_colors_info=&#8221;{}&#8221;]<\/p>\n<h2 style=\"text-align: center;\">Miss\u00e3o, Vis\u00e3o e Valores<\/h2>\n<p>[\/et_pb_text][et_pb_icon font_icon=&#8221;&#x33;||divi||400&#8243; icon_color=&#8221;#E75526&#8243; icon_width=&#8221;42px&#8221; _builder_version=&#8221;4.18.0&#8243; _module_preset=&#8221;default&#8221; custom_margin=&#8221;||-13px|||&#8221; global_colors_info=&#8221;{}&#8221;][\/et_pb_icon][\/et_pb_column][\/et_pb_row][et_pb_row column_structure=&#8221;1_3,1_3,1_3&#8243; _builder_version=&#8221;4.19.4&#8243; _module_preset=&#8221;default&#8221; width=&#8221;100%&#8221; global_colors_info=&#8221;{}&#8221;][et_pb_column type=&#8221;1_3&#8243; _builder_version=&#8221;4.18.0&#8243; _module_preset=&#8221;default&#8221; global_colors_info=&#8221;{}&#8221;][et_pb_blurb title=&#8221;Miss\u00e3o&#8221; use_icon=&#8221;on&#8221; font_icon=&#8221;&#xf140;||fa||900&#8243; _builder_version=&#8221;4.19.4&#8243; _module_preset=&#8221;default&#8221; header_font_size=&#8221;24px&#8221; body_font_size=&#8221;15px&#8221; text_orientation=&#8221;center&#8221; animation=&#8221;off&#8221; global_colors_info=&#8221;{}&#8221;]<\/p>\n<p>Sermos competitivos no mercado. Satisfazer os nossos clientes com produtos de excel\u00eancia, tanto a n\u00edvel de sabor como de qualidade e seguran\u00e7a alimentar (HACCP).<\/p>\n<p>Apostamos em produ\u00e7\u00f5es com recurso aos<br \/>sabores e receitas tradicionais. Desta forma tornamos a marca uma refer\u00eancia.<\/p>\n<p>[\/et_pb_blurb][\/et_pb_column][et_pb_column type=&#8221;1_3&#8243; _builder_version=&#8221;4.18.0&#8243; _module_preset=&#8221;default&#8221; global_colors_info=&#8221;{}&#8221;][et_pb_blurb title=&#8221;Vis\u00e3o&#8221; use_icon=&#8221;on&#8221; font_icon=&#8221;&#xf06e;||fa||900&#8243; _builder_version=&#8221;4.19.1&#8243; _module_preset=&#8221;default&#8221; header_font_size=&#8221;24px&#8221; body_font_size=&#8221;15px&#8221; text_orientation=&#8221;center&#8221; animation=&#8221;off&#8221; global_colors_info=&#8221;{}&#8221;]<\/p>\n<p>Estabelecer parcerias para o<br \/>futuro.<\/p>\n<p>Preservar a nossa rede de clientes com<br \/>a mesma rela\u00e7\u00e3o de confian\u00e7a.<\/p>\n<p>Manter a qualidade e sabores<br \/>tradicionais que nos caracterizam.<\/p>\n<p>[\/et_pb_blurb][\/et_pb_column][et_pb_column type=&#8221;1_3&#8243; _builder_version=&#8221;4.18.0&#8243; _module_preset=&#8221;default&#8221; global_colors_info=&#8221;{}&#8221;][et_pb_blurb title=&#8221;Valores&#8221; use_icon=&#8221;on&#8221; font_icon=&#8221;&#xf4c4;||fa||900&#8243; _builder_version=&#8221;4.19.1&#8243; _module_preset=&#8221;default&#8221; header_font_size=&#8221;24px&#8221; body_font_size=&#8221;15px&#8221; text_orientation=&#8221;center&#8221; animation=&#8221;off&#8221; global_colors_info=&#8221;{}&#8221;]<\/p>\n<p>Apostamos no profissionalismo, no rigor e na excel\u00eancia.<\/p>\n<p>Mantemos um compromisso s\u00e9rio e em busca de melhoria cont\u00ednua.<\/p>\n<p>Relacionamento \u00e9tico com fornecedores e<br \/>colaboradores.<\/p>\n<p>&nbsp;<\/p>\n<p>[\/et_pb_blurb][\/et_pb_column][\/et_pb_row][\/et_pb_section][et_pb_section fb_built=&#8221;1&#8243; _builder_version=&#8221;4.18.0&#8243; _module_preset=&#8221;default&#8221; custom_margin=&#8221;||-84px|||&#8221; custom_padding=&#8221;0px|||||&#8221; global_colors_info=&#8221;{}&#8221;][et_pb_row _builder_version=&#8221;4.18.0&#8243; _module_preset=&#8221;default&#8221; custom_margin=&#8221;-63px|auto||auto||&#8221; global_colors_info=&#8221;{}&#8221;][et_pb_column type=&#8221;4_4&#8243; _builder_version=&#8221;4.18.0&#8243; _module_preset=&#8221;default&#8221; global_colors_info=&#8221;{}&#8221;][et_pb_text _builder_version=&#8221;4.19.4&#8243; _module_preset=&#8221;default&#8221; header_2_text_color=&#8221;#333333&#8243; header_2_font_size=&#8221;32px&#8221; custom_margin=&#8221;||-3px|||&#8221; global_colors_info=&#8221;{}&#8221;]<\/p>\n<h2 style=\"text-align: center;\">Onde Estamos<\/h2>\n<p>[\/et_pb_text][\/et_pb_column][\/et_pb_row][et_pb_row _builder_version=&#8221;4.18.0&#8243; _module_preset=&#8221;default&#8221; custom_padding=&#8221;0px|||||&#8221; global_colors_info=&#8221;{}&#8221;][et_pb_column type=&#8221;4_4&#8243; _builder_version=&#8221;4.18.0&#8243; _module_preset=&#8221;default&#8221; global_colors_info=&#8221;{}&#8221;][et_pb_icon font_icon=&#8221;&#x33;||divi||400&#8243; icon_color=&#8221;#E75526&#8243; icon_width=&#8221;42px&#8221; _builder_version=&#8221;4.18.0&#8243; _module_preset=&#8221;default&#8221; custom_margin=&#8221;||-13px|||&#8221; global_colors_info=&#8221;{}&#8221;][\/et_pb_icon][\/et_pb_column][\/et_pb_row][\/et_pb_section][et_pb_section fb_built=&#8221;1&#8243; _builder_version=&#8221;4.19.1&#8243; _module_preset=&#8221;default&#8221; global_colors_info=&#8221;{}&#8221;][et_pb_row _builder_version=&#8221;4.19.1&#8243; _module_preset=&#8221;default&#8221; width=&#8221;100%&#8221; global_colors_info=&#8221;{}&#8221;][et_pb_column type=&#8221;4_4&#8243; _builder_version=&#8221;4.19.1&#8243; _module_preset=&#8221;default&#8221; global_colors_info=&#8221;{}&#8221;][et_pb_image src=&#8221;https:\/\/tiamariaprecozinhados.com\/wp-content\/uploads\/2023\/03\/Untitled-design-94.png&#8221; title_text=&#8221;Untitled-design-94&#8243; align=&#8221;center&#8221; _builder_version=&#8221;4.24.2&#8243; _module_preset=&#8221;default&#8221; width=&#8221;100%&#8221; max_width=&#8221;87%&#8221; global_colors_info=&#8221;{}&#8221;][\/et_pb_image][\/et_pb_column][\/et_pb_row][\/et_pb_section][et_pb_section fb_built=&#8221;1&#8243; _builder_version=&#8221;4.18.0&#8243; _module_preset=&#8221;default&#8221; custom_margin=&#8221;-3px|||||&#8221; custom_padding=&#8221;||74px|||&#8221; locked=&#8221;off&#8221; global_colors_info=&#8221;{}&#8221;][et_pb_row _builder_version=&#8221;4.18.0&#8243; _module_preset=&#8221;default&#8221; custom_margin=&#8221;-10px|auto||auto||&#8221; global_colors_info=&#8221;{}&#8221;][et_pb_column type=&#8221;4_4&#8243; _builder_version=&#8221;4.18.0&#8243; _module_preset=&#8221;default&#8221; global_colors_info=&#8221;{}&#8221;][et_pb_text _builder_version=&#8221;4.18.0&#8243; _module_preset=&#8221;default&#8221; header_2_text_color=&#8221;#333333&#8243; header_2_font_size=&#8221;32px&#8221; custom_margin=&#8221;||-3px|||&#8221; global_colors_info=&#8221;{}&#8221;]<\/p>\n<h2 style=\"text-align: center;\">Os nossos Produtos<\/h2>\n<p>[\/et_pb_text][et_pb_icon font_icon=&#8221;&#x33;||divi||400&#8243; icon_color=&#8221;#E75526&#8243; icon_width=&#8221;42px&#8221; _builder_version=&#8221;4.18.0&#8243; _module_preset=&#8221;default&#8221; global_colors_info=&#8221;{}&#8221;][\/et_pb_icon][\/et_pb_column][\/et_pb_row][et_pb_row column_structure=&#8221;1_3,1_3,1_3&#8243; _builder_version=&#8221;4.18.0&#8243; _module_preset=&#8221;default&#8221; width=&#8221;100%&#8221; custom_margin=&#8221;|auto|19px|auto||&#8221; locked=&#8221;off&#8221; global_colors_info=&#8221;{}&#8221;][et_pb_column type=&#8221;1_3&#8243; _builder_version=&#8221;4.18.0&#8243; _module_preset=&#8221;default&#8221; background_enable_color=&#8221;off&#8221; global_colors_info=&#8221;{}&#8221;][et_pb_image src=&#8221;https:\/\/tiamariaprecozinhados.com\/wp-content\/uploads\/2023\/03\/AlmofadasSalsicha-1024-400&#215;284-1-1.jpeg&#8221; title_text=&#8221;AlmofadasSalsicha-1024-400&#215;284-1-1.jpeg&#8221; url=&#8221;https:\/\/timariacongelados.com\/pre-cozinhados\/&#8221; _builder_version=&#8221;4.24.2&#8243; _module_preset=&#8221;default&#8221; custom_margin=&#8221;||24px|||&#8221; hover_enabled=&#8221;0&#8243; border_color_all=&#8221;#FFF9C5&#8243; global_colors_info=&#8221;{}&#8221; sticky_enabled=&#8221;0&#8243;][\/et_pb_image][et_pb_button button_url=&#8221;https:\/\/timariacongelados.com\/pre-cozinhados\/&#8221; button_text=&#8221;Pr\u00e9-cozinhados&#8221; button_alignment=&#8221;center&#8221; _builder_version=&#8221;4.19.1&#8243; _module_preset=&#8221;default&#8221; custom_button=&#8221;on&#8221; button_text_size=&#8221;21px&#8221; button_text_color=&#8221;#333333&#8243; button_bg_color=&#8221;#FFFFFF&#8221; button_border_width=&#8221;1px&#8221; button_border_color=&#8221;RGBA(255,255,255,0)&#8221; button_border_radius=&#8221;84px&#8221; button_letter_spacing=&#8221;1px&#8221; button_font=&#8221;Crimson Pro||||||||&#8221; custom_margin=&#8221;||||false|false&#8221; custom_padding=&#8221;|80px||80px|false|false&#8221; box_shadow_style=&#8221;preset3&#8243; locked=&#8221;off&#8221; global_colors_info=&#8221;{}&#8221;][\/et_pb_button][\/et_pb_column][et_pb_column type=&#8221;1_3&#8243; _builder_version=&#8221;4.18.0&#8243; _module_preset=&#8221;default&#8221; global_colors_info=&#8221;{}&#8221;][et_pb_image src=&#8221;https:\/\/tiamariaprecozinhados.com\/wp-content\/uploads\/2023\/03\/almondegas-10241-400&#215;284-1-1.jpeg&#8221; title_text=&#8221;almondegas-10241-400&#215;284-1-1.jpeg&#8221; url=&#8221;https:\/\/timariacongelados.com\/preparados-de-carne\/&#8221; _builder_version=&#8221;4.24.2&#8243; _module_preset=&#8221;default&#8221; custom_margin=&#8221;||21px|||&#8221; hover_enabled=&#8221;0&#8243; border_color_all=&#8221;#FFF9C5&#8243; global_colors_info=&#8221;{}&#8221; sticky_enabled=&#8221;0&#8243;][\/et_pb_image][et_pb_button button_url=&#8221;https:\/\/timariacongelados.com\/preparados-de-carne\/&#8221; button_text=&#8221;Preparados de Carne&#8221; button_alignment=&#8221;center&#8221; _builder_version=&#8221;4.19.1&#8243; _module_preset=&#8221;default&#8221; custom_button=&#8221;on&#8221; button_text_size=&#8221;21px&#8221; button_text_color=&#8221;#333333&#8243; button_bg_color=&#8221;#FFFFFF&#8221; button_border_width=&#8221;1px&#8221; button_border_color=&#8221;RGBA(255,255,255,0)&#8221; button_border_radius=&#8221;84px&#8221; button_letter_spacing=&#8221;1px&#8221; button_font=&#8221;Crimson Pro||||||||&#8221; custom_margin=&#8221;||||false|false&#8221; custom_padding=&#8221;|60px||60px|false|true&#8221; box_shadow_style=&#8221;preset3&#8243; locked=&#8221;off&#8221; global_colors_info=&#8221;{}&#8221;][\/et_pb_button][\/et_pb_column][et_pb_column type=&#8221;1_3&#8243; _builder_version=&#8221;4.18.0&#8243; _module_preset=&#8221;default&#8221; global_colors_info=&#8221;{}&#8221;][et_pb_image src=&#8221;https:\/\/tiamariaprecozinhados.com\/wp-content\/uploads\/2023\/03\/folhado-chocolate-400&#215;284-1-1.png&#8221; title_text=&#8221;folhado-chocolate-400&#215;284-1-1.png&#8221; url=&#8221;https:\/\/timariacongelados.com\/folhados\/&#8221; _builder_version=&#8221;4.24.2&#8243; _module_preset=&#8221;default&#8221; custom_margin=&#8221;||21px|||&#8221; hover_enabled=&#8221;0&#8243; border_color_all=&#8221;#FFF9C5&#8243; global_colors_info=&#8221;{}&#8221; sticky_enabled=&#8221;0&#8243;][\/et_pb_image][et_pb_button button_url=&#8221;https:\/\/timariacongelados.com\/folhados\/&#8221; button_text=&#8221;Folhados&#8221; button_alignment=&#8221;center&#8221; _builder_version=&#8221;4.19.1&#8243; _module_preset=&#8221;default&#8221; custom_button=&#8221;on&#8221; button_text_size=&#8221;21px&#8221; button_text_color=&#8221;#333333&#8243; button_bg_color=&#8221;#FFFFFF&#8221; button_border_width=&#8221;1px&#8221; button_border_color=&#8221;RGBA(255,255,255,0)&#8221; button_border_radius=&#8221;84px&#8221; button_letter_spacing=&#8221;1px&#8221; button_font=&#8221;Crimson Pro||||||||&#8221; custom_margin=&#8221;||||false|false&#8221; custom_padding=&#8221;|110px||110px|false|true&#8221; box_shadow_style=&#8221;preset3&#8243; locked=&#8221;off&#8221; global_colors_info=&#8221;{}&#8221;][\/et_pb_button][\/et_pb_column][\/et_pb_row][\/et_pb_section]<\/p>\n","protected":false},"excerpt":{"rendered":"<p>A nossa Hist\u00f3riaA J\u00falio Dinis &amp; Filho, Lda, \u00e9 uma empresa de cariz familiar fundada em 1989 para dar enquadramento ao desenvolvimento do neg\u00f3cio que o casal J\u00falio Dinis e Maria tinha iniciado dois anos antes e que estava a crescer de forma exponencial. As raz\u00f5es do sucesso assentaram no sabor e consist\u00eancia \u00fanicos dos [&hellip;]<\/p>\n","protected":false},"author":1,"featured_media":0,"parent":0,"menu_order":0,"comment_status":"closed","ping_status":"closed","template":"","meta":{"_et_pb_use_builder":"on","_et_pb_old_content":"","_et_gb_content_width":"","footnotes":""},"class_list":["post-1948","page","type-page","status-publish","hentry"],"_links":{"self":[{"href":"https:\/\/tiamariaprecozinhados.com\/en\/wp-json\/wp\/v2\/pages\/1948","targetHints":{"allow":["GET"]}}],"collection":[{"href":"https:\/\/tiamariaprecozinhados.com\/en\/wp-json\/wp\/v2\/pages"}],"about":[{"href":"https:\/\/tiamariaprecozinhados.com\/en\/wp-json\/wp\/v2\/types\/page"}],"author":[{"embeddable":true,"href":"https:\/\/tiamariaprecozinhados.com\/en\/wp-json\/wp\/v2\/users\/1"}],"replies":[{"embeddable":true,"href":"https:\/\/tiamariaprecozinhados.com\/en\/wp-json\/wp\/v2\/comments?post=1948"}],"version-history":[{"count":3,"href":"https:\/\/tiamariaprecozinhados.com\/en\/wp-json\/wp\/v2\/pages\/1948\/revisions"}],"predecessor-version":[{"id":2450,"href":"https:\/\/tiamariaprecozinhados.com\/en\/wp-json\/wp\/v2\/pages\/1948\/revisions\/2450"}],"wp:attachment":[{"href":"https:\/\/tiamariaprecozinhados.com\/en\/wp-json\/wp\/v2\/media?parent=1948"}],"curies":[{"name":"wp","href":"https:\/\/api.w.org\/{rel}","templated":true}]}}