{"id":2268,"date":"2023-03-15T12:52:42","date_gmt":"2023-03-15T12:52:42","guid":{"rendered":"https:\/\/tiamariaprecozinhados.com\/?post_type=product&#038;p=2268"},"modified":"2023-03-15T12:52:47","modified_gmt":"2023-03-15T12:52:47","slug":"almondegas","status":"publish","type":"product","link":"https:\/\/tiamariaprecozinhados.com\/en\/product\/almondegas\/","title":{"rendered":"Alm\u00f4ndegas"},"content":{"rendered":"","protected":false},"excerpt":{"rendered":"<p>Ingredientes: Carne Bovino, prote\u00ednas vegetais, farinha de trigo, \u00e1gua, cebola, \u00f3leo vegetal e sal.<\/p>\n<p>Modo de Prepara\u00e7\u00e3o: Coloque sem descongelar na frigideira em \u00f3leo bem quente aproximadamente 7 minutos ate alourar.<\/p>","protected":false},"featured_media":2298,"comment_status":"open","ping_status":"closed","template":"","meta":{"_et_pb_use_builder":"on","_et_pb_old_content":"","_et_gb_content_width":""},"product_brand":[],"product_cat":[18],"product_tag":[],"class_list":{"0":"post-2268","1":"product","2":"type-product","3":"status-publish","4":"has-post-thumbnail","6":"product_cat-preparados-de-carne","8":"first","9":"instock","10":"shipping-taxable","11":"product-type-simple"},"_links":{"self":[{"href":"https:\/\/tiamariaprecozinhados.com\/en\/wp-json\/wp\/v2\/product\/2268","targetHints":{"allow":["GET"]}}],"collection":[{"href":"https:\/\/tiamariaprecozinhados.com\/en\/wp-json\/wp\/v2\/product"}],"about":[{"href":"https:\/\/tiamariaprecozinhados.com\/en\/wp-json\/wp\/v2\/types\/product"}],"replies":[{"embeddable":true,"href":"https:\/\/tiamariaprecozinhados.com\/en\/wp-json\/wp\/v2\/comments?post=2268"}],"wp:featuredmedia":[{"embeddable":true,"href":"https:\/\/tiamariaprecozinhados.com\/en\/wp-json\/wp\/v2\/media\/2298"}],"wp:attachment":[{"href":"https:\/\/tiamariaprecozinhados.com\/en\/wp-json\/wp\/v2\/media?parent=2268"}],"wp:term":[{"taxonomy":"product_brand","embeddable":true,"href":"https:\/\/tiamariaprecozinhados.com\/en\/wp-json\/wp\/v2\/product_brand?post=2268"},{"taxonomy":"product_cat","embeddable":true,"href":"https:\/\/tiamariaprecozinhados.com\/en\/wp-json\/wp\/v2\/product_cat?post=2268"},{"taxonomy":"product_tag","embeddable":true,"href":"https:\/\/tiamariaprecozinhados.com\/en\/wp-json\/wp\/v2\/product_tag?post=2268"}],"curies":[{"name":"wp","href":"https:\/\/api.w.org\/{rel}","templated":true}]}}