{"id":2293,"date":"2023-03-15T12:52:45","date_gmt":"2023-03-15T12:52:45","guid":{"rendered":"https:\/\/tiamariaprecozinhados.com\/?post_type=product&#038;p=2293"},"modified":"2023-03-15T12:53:12","modified_gmt":"2023-03-15T12:53:12","slug":"pataniscas-de-bacalhau","status":"publish","type":"product","link":"https:\/\/tiamariaprecozinhados.com\/en\/product\/pataniscas-de-bacalhau\/","title":{"rendered":"Pataniscas de Bacalhau"},"content":{"rendered":"","protected":false},"excerpt":{"rendered":"<p>Categoria: <a href=\"https:\/\/timariacongelados.com\/pre-cozinhados\/\">Pr\u00e9-Cozinhados<\/a><\/p>\n<p>Ingredientes: Bacalhau, farinha, cebola, salsa, \u00e1gua, ovo pasteurizado e especiarias<\/p>\n<p>Modo de Prepara\u00e7\u00e3o: Fritar sem descongelar em \u00f3leo, com temperatura (entre 150\u00b0C a 170 \u00b0C), durante 4 a 6 minutos, at\u00e9 obter uma cor dourada e uniforme. Colocar poucas unidades de cada vez para que a temperatura do \u00f3leo n\u00e3o arrefe\u00e7a demasiado.<\/p>","protected":false},"featured_media":2311,"comment_status":"open","ping_status":"closed","template":"","meta":{"_et_pb_use_builder":"","_et_pb_old_content":"","_et_gb_content_width":""},"product_brand":[],"product_cat":[17],"product_tag":[],"class_list":{"0":"post-2293","1":"product","2":"type-product","3":"status-publish","4":"has-post-thumbnail","6":"product_cat-pre-cozinhados","8":"first","9":"instock","10":"shipping-taxable","11":"purchasable","12":"product-type-variable"},"_links":{"self":[{"href":"https:\/\/tiamariaprecozinhados.com\/en\/wp-json\/wp\/v2\/product\/2293","targetHints":{"allow":["GET"]}}],"collection":[{"href":"https:\/\/tiamariaprecozinhados.com\/en\/wp-json\/wp\/v2\/product"}],"about":[{"href":"https:\/\/tiamariaprecozinhados.com\/en\/wp-json\/wp\/v2\/types\/product"}],"replies":[{"embeddable":true,"href":"https:\/\/tiamariaprecozinhados.com\/en\/wp-json\/wp\/v2\/comments?post=2293"}],"wp:featuredmedia":[{"embeddable":true,"href":"https:\/\/tiamariaprecozinhados.com\/en\/wp-json\/wp\/v2\/media\/2311"}],"wp:attachment":[{"href":"https:\/\/tiamariaprecozinhados.com\/en\/wp-json\/wp\/v2\/media?parent=2293"}],"wp:term":[{"taxonomy":"product_brand","embeddable":true,"href":"https:\/\/tiamariaprecozinhados.com\/en\/wp-json\/wp\/v2\/product_brand?post=2293"},{"taxonomy":"product_cat","embeddable":true,"href":"https:\/\/tiamariaprecozinhados.com\/en\/wp-json\/wp\/v2\/product_cat?post=2293"},{"taxonomy":"product_tag","embeddable":true,"href":"https:\/\/tiamariaprecozinhados.com\/en\/wp-json\/wp\/v2\/product_tag?post=2293"}],"curies":[{"name":"wp","href":"https:\/\/api.w.org\/{rel}","templated":true}]}}