{"id":2322,"date":"2023-03-15T12:53:00","date_gmt":"2023-03-15T12:53:00","guid":{"rendered":"https:\/\/tiamariaprecozinhados.com\/?post_type=product&#038;p=2322"},"modified":"2023-03-15T12:53:12","modified_gmt":"2023-03-15T12:53:12","slug":"rissois-de-carne","status":"publish","type":"product","link":"https:\/\/tiamariaprecozinhados.com\/en\/product\/rissois-de-carne\/","title":{"rendered":"Riss\u00f3is de Carne"},"content":{"rendered":"","protected":false},"excerpt":{"rendered":"<p>Ingredientes: Carnes (Bovino e Aves), chouri\u00e7o, cebola, alho, farinha de trigo, margarina, especiarias, ovo, p\u00e3o ralado e sal.<\/p>\n<p>Modo de Prepara\u00e7\u00e3o: Fritar sem descongelar em \u00f3leo bem quente (entre 180\u00b0C a 190 \u00b0C), durante 4 a 6 minutos, at\u00e9 obter uma cor dourada e uniforme. Colocar poucas unidades de cada vez para que a temperatura do \u00f3leo n\u00e3o arrefe\u00e7a demasiado.<\/p>","protected":false},"featured_media":2345,"comment_status":"open","ping_status":"closed","template":"","meta":{"_et_pb_use_builder":"","_et_pb_old_content":"","_et_gb_content_width":""},"product_brand":[],"product_cat":[17],"product_tag":[],"class_list":{"0":"post-2322","1":"product","2":"type-product","3":"status-publish","4":"has-post-thumbnail","6":"product_cat-pre-cozinhados","8":"first","9":"instock","10":"shipping-taxable","11":"purchasable","12":"product-type-variable"},"_links":{"self":[{"href":"https:\/\/tiamariaprecozinhados.com\/en\/wp-json\/wp\/v2\/product\/2322","targetHints":{"allow":["GET"]}}],"collection":[{"href":"https:\/\/tiamariaprecozinhados.com\/en\/wp-json\/wp\/v2\/product"}],"about":[{"href":"https:\/\/tiamariaprecozinhados.com\/en\/wp-json\/wp\/v2\/types\/product"}],"replies":[{"embeddable":true,"href":"https:\/\/tiamariaprecozinhados.com\/en\/wp-json\/wp\/v2\/comments?post=2322"}],"wp:featuredmedia":[{"embeddable":true,"href":"https:\/\/tiamariaprecozinhados.com\/en\/wp-json\/wp\/v2\/media\/2345"}],"wp:attachment":[{"href":"https:\/\/tiamariaprecozinhados.com\/en\/wp-json\/wp\/v2\/media?parent=2322"}],"wp:term":[{"taxonomy":"product_brand","embeddable":true,"href":"https:\/\/tiamariaprecozinhados.com\/en\/wp-json\/wp\/v2\/product_brand?post=2322"},{"taxonomy":"product_cat","embeddable":true,"href":"https:\/\/tiamariaprecozinhados.com\/en\/wp-json\/wp\/v2\/product_cat?post=2322"},{"taxonomy":"product_tag","embeddable":true,"href":"https:\/\/tiamariaprecozinhados.com\/en\/wp-json\/wp\/v2\/product_tag?post=2322"}],"curies":[{"name":"wp","href":"https:\/\/api.w.org\/{rel}","templated":true}]}}